{"id":50,"date":"2014-08-25T12:59:43","date_gmt":"2014-08-25T10:59:43","guid":{"rendered":"http:\/\/hexx.de\/wp\/?page_id=50"},"modified":"2022-05-03T14:17:52","modified_gmt":"2022-05-03T14:17:52","slug":"design","status":"publish","type":"page","link":"https:\/\/hexx.de\/content\/?page_id=50","title":{"rendered":"Pr\u00e4sentieren Sie Ihr Unternehmen in den besten Farben"},"content":{"rendered":"\n<p>Ein Unternehmen, das sich am Markt durchsetzen will, muss seine <strong>Au\u00dfenwirkung<\/strong> aktiv steuern und seine individuellen Vorz\u00fcge optimal pr\u00e4sentieren. Ein <strong>firmeneigenes Designkonzept<\/strong>, angefangen bei der Visitenkarte \u00fcber das Briefpapier bis hin zur Webseite, ist ein wesentlicher Schritt zu einem kompetenten<strong> Image<\/strong> des Unternehmens. \u00dcberzeugen Sie Ihre Kunden, neben der guten <strong>Qualit\u00e4t<\/strong> Ihrer Produkte bzw. Dienstleistungen, mit einem pers\u00f6nlichen, innovativen und zuverl\u00e4ssigem Web-Auftritt.<\/p>\n\n\n\n<p>Wir besprechen gemeinsam Ihre Ziele und entwickeln aus Ihren <strong>W\u00fcnschen<\/strong> und <strong>Bed\u00fcrfnissen<\/strong> ein passendes <strong>Konzept<\/strong>. Unsere Leistungen umfassen die Umsetzung klassischer Werbe-und Grafikprojekte im Print- und Onlinebereich, sowie die Konzeption von Marketingstrategien.<\/p>\n\n\n\n<p>F\u00fcr eine pers\u00f6nliche <a title=\"Wir sind f\u00fcr Sie da\" href=\"http:\/\/hexx.de\/wp\/kontakt\/\">Beratung<\/a> stehen wir Ihnen gerne zur Verf\u00fcgung.<\/p>\n","protected":false},"excerpt":{"rendered":"<p>Ein Unternehmen, das sich am Markt durchsetzen will, muss seine Au\u00dfenwirkung aktiv steuern und seine individuellen Vorz\u00fcge optimal pr\u00e4sentieren. Ein firmeneigenes Designkonzept, angefangen bei der Visitenkarte \u00fcber das Briefpapier bis hin zur Webseite, ist ein wesentlicher Schritt zu einem kompetenten Image des Unternehmens. \u00dcberzeugen Sie Ihre Kunden, neben der guten Qualit\u00e4t Ihrer Produkte bzw. Dienstleistungen, [&hellip;]<\/p>\n","protected":false},"author":1,"featured_media":0,"parent":0,"menu_order":0,"comment_status":"closed","ping_status":"closed","template":"","meta":{"footnotes":""},"class_list":["post-50","page","type-page","status-publish","hentry"],"yoast_head":"<!-- This site is optimized with the Yoast SEO plugin v27.5 - https:\/\/yoast.com\/product\/yoast-seo-wordpress\/ -->\n<title>Pr\u00e4sentieren Sie Ihr Unternehmen in den besten Farben - Hexx Network<\/title>\n<meta name=\"robots\" content=\"index, follow, max-snippet:-1, max-image-preview:large, max-video-preview:-1\" \/>\n<link rel=\"canonical\" href=\"https:\/\/hexx.de\/content\/?page_id=50\" \/>\n<meta property=\"og:locale\" content=\"de_DE\" \/>\n<meta property=\"og:type\" content=\"article\" \/>\n<meta property=\"og:title\" content=\"Pr\u00e4sentieren Sie Ihr Unternehmen in den besten Farben - Hexx Network\" \/>\n<meta property=\"og:description\" content=\"Ein Unternehmen, das sich am Markt durchsetzen will, muss seine Au\u00dfenwirkung aktiv steuern und seine individuellen Vorz\u00fcge optimal pr\u00e4sentieren. Ein firmeneigenes Designkonzept, angefangen bei der Visitenkarte \u00fcber das Briefpapier bis hin zur Webseite, ist ein wesentlicher Schritt zu einem kompetenten Image des Unternehmens. \u00dcberzeugen Sie Ihre Kunden, neben der guten Qualit\u00e4t Ihrer Produkte bzw. Dienstleistungen, [&hellip;]\" \/>\n<meta property=\"og:url\" content=\"https:\/\/hexx.de\/content\/?page_id=50\" \/>\n<meta property=\"og:site_name\" content=\"Hexx Network\" \/>\n<meta property=\"article:modified_time\" content=\"2022-05-03T14:17:52+00:00\" \/>\n<meta name=\"twitter:card\" content=\"summary_large_image\" \/>\n<meta name=\"twitter:label1\" content=\"Gesch\u00e4tzte Lesezeit\" \/>\n\t<meta name=\"twitter:data1\" content=\"1\u00a0Minute\" \/>\n<script type=\"application\/ld+json\" class=\"yoast-schema-graph\">{\"@context\":\"https:\\\/\\\/schema.org\",\"@graph\":[{\"@type\":\"WebPage\",\"@id\":\"https:\\\/\\\/hexx.de\\\/content\\\/?page_id=50\",\"url\":\"https:\\\/\\\/hexx.de\\\/content\\\/?page_id=50\",\"name\":\"Pr\u00e4sentieren Sie Ihr Unternehmen in den besten Farben - Hexx Network\",\"isPartOf\":{\"@id\":\"https:\\\/\\\/hexx.de\\\/content\\\/#website\"},\"datePublished\":\"2014-08-25T10:59:43+00:00\",\"dateModified\":\"2022-05-03T14:17:52+00:00\",\"breadcrumb\":{\"@id\":\"https:\\\/\\\/hexx.de\\\/content\\\/?page_id=50#breadcrumb\"},\"inLanguage\":\"de\",\"potentialAction\":[{\"@type\":\"ReadAction\",\"target\":[\"https:\\\/\\\/hexx.de\\\/content\\\/?page_id=50\"]}]},{\"@type\":\"BreadcrumbList\",\"@id\":\"https:\\\/\\\/hexx.de\\\/content\\\/?page_id=50#breadcrumb\",\"itemListElement\":[{\"@type\":\"ListItem\",\"position\":1,\"name\":\"Home\",\"item\":\"https:\\\/\\\/hexx.de\\\/content\\\/\"},{\"@type\":\"ListItem\",\"position\":2,\"name\":\"Pr\u00e4sentieren Sie Ihr Unternehmen in den besten Farben\"}]},{\"@type\":\"WebSite\",\"@id\":\"https:\\\/\\\/hexx.de\\\/content\\\/#website\",\"url\":\"https:\\\/\\\/hexx.de\\\/content\\\/\",\"name\":\"Hexx Network\",\"description\":\"Just another WordPress site\",\"potentialAction\":[{\"@type\":\"SearchAction\",\"target\":{\"@type\":\"EntryPoint\",\"urlTemplate\":\"https:\\\/\\\/hexx.de\\\/content\\\/?s={search_term_string}\"},\"query-input\":{\"@type\":\"PropertyValueSpecification\",\"valueRequired\":true,\"valueName\":\"search_term_string\"}}],\"inLanguage\":\"de\"}]}<\/script>\n<!-- \/ Yoast SEO plugin. -->","yoast_head_json":{"title":"Pr\u00e4sentieren Sie Ihr Unternehmen in den besten Farben - Hexx Network","robots":{"index":"index","follow":"follow","max-snippet":"max-snippet:-1","max-image-preview":"max-image-preview:large","max-video-preview":"max-video-preview:-1"},"canonical":"https:\/\/hexx.de\/content\/?page_id=50","og_locale":"de_DE","og_type":"article","og_title":"Pr\u00e4sentieren Sie Ihr Unternehmen in den besten Farben - Hexx Network","og_description":"Ein Unternehmen, das sich am Markt durchsetzen will, muss seine Au\u00dfenwirkung aktiv steuern und seine individuellen Vorz\u00fcge optimal pr\u00e4sentieren. Ein firmeneigenes Designkonzept, angefangen bei der Visitenkarte \u00fcber das Briefpapier bis hin zur Webseite, ist ein wesentlicher Schritt zu einem kompetenten Image des Unternehmens. \u00dcberzeugen Sie Ihre Kunden, neben der guten Qualit\u00e4t Ihrer Produkte bzw. Dienstleistungen, [&hellip;]","og_url":"https:\/\/hexx.de\/content\/?page_id=50","og_site_name":"Hexx Network","article_modified_time":"2022-05-03T14:17:52+00:00","twitter_card":"summary_large_image","twitter_misc":{"Gesch\u00e4tzte Lesezeit":"1\u00a0Minute"},"schema":{"@context":"https:\/\/schema.org","@graph":[{"@type":"WebPage","@id":"https:\/\/hexx.de\/content\/?page_id=50","url":"https:\/\/hexx.de\/content\/?page_id=50","name":"Pr\u00e4sentieren Sie Ihr Unternehmen in den besten Farben - Hexx Network","isPartOf":{"@id":"https:\/\/hexx.de\/content\/#website"},"datePublished":"2014-08-25T10:59:43+00:00","dateModified":"2022-05-03T14:17:52+00:00","breadcrumb":{"@id":"https:\/\/hexx.de\/content\/?page_id=50#breadcrumb"},"inLanguage":"de","potentialAction":[{"@type":"ReadAction","target":["https:\/\/hexx.de\/content\/?page_id=50"]}]},{"@type":"BreadcrumbList","@id":"https:\/\/hexx.de\/content\/?page_id=50#breadcrumb","itemListElement":[{"@type":"ListItem","position":1,"name":"Home","item":"https:\/\/hexx.de\/content\/"},{"@type":"ListItem","position":2,"name":"Pr\u00e4sentieren Sie Ihr Unternehmen in den besten Farben"}]},{"@type":"WebSite","@id":"https:\/\/hexx.de\/content\/#website","url":"https:\/\/hexx.de\/content\/","name":"Hexx Network","description":"Just another WordPress site","potentialAction":[{"@type":"SearchAction","target":{"@type":"EntryPoint","urlTemplate":"https:\/\/hexx.de\/content\/?s={search_term_string}"},"query-input":{"@type":"PropertyValueSpecification","valueRequired":true,"valueName":"search_term_string"}}],"inLanguage":"de"}]}},"_links":{"self":[{"href":"https:\/\/hexx.de\/content\/index.php?rest_route=\/wp\/v2\/pages\/50","targetHints":{"allow":["GET"]}}],"collection":[{"href":"https:\/\/hexx.de\/content\/index.php?rest_route=\/wp\/v2\/pages"}],"about":[{"href":"https:\/\/hexx.de\/content\/index.php?rest_route=\/wp\/v2\/types\/page"}],"author":[{"embeddable":true,"href":"https:\/\/hexx.de\/content\/index.php?rest_route=\/wp\/v2\/users\/1"}],"replies":[{"embeddable":true,"href":"https:\/\/hexx.de\/content\/index.php?rest_route=%2Fwp%2Fv2%2Fcomments&post=50"}],"version-history":[{"count":1,"href":"https:\/\/hexx.de\/content\/index.php?rest_route=\/wp\/v2\/pages\/50\/revisions"}],"predecessor-version":[{"id":3396,"href":"https:\/\/hexx.de\/content\/index.php?rest_route=\/wp\/v2\/pages\/50\/revisions\/3396"}],"wp:attachment":[{"href":"https:\/\/hexx.de\/content\/index.php?rest_route=%2Fwp%2Fv2%2Fmedia&parent=50"}],"curies":[{"name":"wp","href":"https:\/\/api.w.org\/{rel}","templated":true}]}}