{"id":47,"date":"2014-08-25T12:59:01","date_gmt":"2014-08-25T10:59:01","guid":{"rendered":"http:\/\/hexx.de\/wp\/?page_id=47"},"modified":"2022-05-03T14:17:19","modified_gmt":"2022-05-03T14:17:19","slug":"softwareentwicklung","status":"publish","type":"page","link":"https:\/\/hexx.de\/content\/?page_id=47","title":{"rendered":"Individuelle Probleml\u00f6sung nach Ihren Bed\u00fcrfnissen"},"content":{"rendered":"\n<p>Arbeitsschritte k\u00f6nnen heute oft \u00fcber den Computer abgewickelt werden. Ihre Kunden werden auch immer h\u00e4ufiger \u00fcber das Medium Internet und Apps erreicht. Standardl\u00f6sungen passen deswegen nicht immer auf die <strong>individuellen Erfordernisse<\/strong> Ihres Unternehmens \u2013 oder die passende Anwendung existiert noch gar nicht. Hier ben\u00f6tigen Sie die <strong>Entwicklung<\/strong> neuer Software, die Sie bei den einzelnen Prozessabschnitten Ihrer <strong>Gesch\u00e4ftsprozesse<\/strong> unterst\u00fctzt.<\/p>\n\n\n\n<p>Wir designen, entwickeln und implementieren f\u00fcr Sie individuelle <strong>Softwarel\u00f6sungen<\/strong>,<strong> Datenbanken<\/strong> und<strong> Apps<\/strong> oder passen <br>Ihre Standard-Software an Ihre <strong>Bed\u00fcrfnisse<\/strong> an. Bei gr\u00f6\u00dferen Entwicklungen managen wir angeschlossene Entwicklerteams, organisieren die Test- und Einf\u00fchrungsphase und kontrollieren die gemeinsam festgelegten Meilensteine in Ihrem Projekt.<\/p>\n\n\n\n<p>F\u00fcr eine pers\u00f6nliche <a title=\"Wir sind f\u00fcr Sie da\" href=\"http:\/\/hexx.de\/wp\/kontakt\/\">Beratung <\/a>stehen wir Ihnen gerne zur Verf\u00fcgung.<\/p>\n","protected":false},"excerpt":{"rendered":"<p>Arbeitsschritte k\u00f6nnen heute oft \u00fcber den Computer abgewickelt werden. Ihre Kunden werden auch immer h\u00e4ufiger \u00fcber das Medium Internet und Apps erreicht. Standardl\u00f6sungen passen deswegen nicht immer auf die individuellen Erfordernisse Ihres Unternehmens \u2013 oder die passende Anwendung existiert noch gar nicht. Hier ben\u00f6tigen Sie die Entwicklung neuer Software, die Sie bei den einzelnen Prozessabschnitten [&hellip;]<\/p>\n","protected":false},"author":1,"featured_media":0,"parent":0,"menu_order":0,"comment_status":"closed","ping_status":"closed","template":"","meta":{"footnotes":""},"class_list":["post-47","page","type-page","status-publish","hentry"],"yoast_head":"<!-- This site is optimized with the Yoast SEO plugin v27.5 - https:\/\/yoast.com\/product\/yoast-seo-wordpress\/ -->\n<title>Individuelle Probleml\u00f6sung nach Ihren Bed\u00fcrfnissen - Hexx Network<\/title>\n<meta name=\"robots\" content=\"index, follow, max-snippet:-1, max-image-preview:large, max-video-preview:-1\" \/>\n<link rel=\"canonical\" href=\"https:\/\/hexx.de\/content\/?page_id=47\" \/>\n<meta property=\"og:locale\" content=\"de_DE\" \/>\n<meta property=\"og:type\" content=\"article\" \/>\n<meta property=\"og:title\" content=\"Individuelle Probleml\u00f6sung nach Ihren Bed\u00fcrfnissen - Hexx Network\" \/>\n<meta property=\"og:description\" content=\"Arbeitsschritte k\u00f6nnen heute oft \u00fcber den Computer abgewickelt werden. Ihre Kunden werden auch immer h\u00e4ufiger \u00fcber das Medium Internet und Apps erreicht. Standardl\u00f6sungen passen deswegen nicht immer auf die individuellen Erfordernisse Ihres Unternehmens \u2013 oder die passende Anwendung existiert noch gar nicht. Hier ben\u00f6tigen Sie die Entwicklung neuer Software, die Sie bei den einzelnen Prozessabschnitten [&hellip;]\" \/>\n<meta property=\"og:url\" content=\"https:\/\/hexx.de\/content\/?page_id=47\" \/>\n<meta property=\"og:site_name\" content=\"Hexx Network\" \/>\n<meta property=\"article:modified_time\" content=\"2022-05-03T14:17:19+00:00\" \/>\n<meta name=\"twitter:card\" content=\"summary_large_image\" \/>\n<meta name=\"twitter:label1\" content=\"Gesch\u00e4tzte Lesezeit\" \/>\n\t<meta name=\"twitter:data1\" content=\"1\u00a0Minute\" \/>\n<script type=\"application\/ld+json\" class=\"yoast-schema-graph\">{\"@context\":\"https:\\\/\\\/schema.org\",\"@graph\":[{\"@type\":\"WebPage\",\"@id\":\"https:\\\/\\\/hexx.de\\\/content\\\/?page_id=47\",\"url\":\"https:\\\/\\\/hexx.de\\\/content\\\/?page_id=47\",\"name\":\"Individuelle Probleml\u00f6sung nach Ihren Bed\u00fcrfnissen - Hexx Network\",\"isPartOf\":{\"@id\":\"https:\\\/\\\/hexx.de\\\/content\\\/#website\"},\"datePublished\":\"2014-08-25T10:59:01+00:00\",\"dateModified\":\"2022-05-03T14:17:19+00:00\",\"breadcrumb\":{\"@id\":\"https:\\\/\\\/hexx.de\\\/content\\\/?page_id=47#breadcrumb\"},\"inLanguage\":\"de\",\"potentialAction\":[{\"@type\":\"ReadAction\",\"target\":[\"https:\\\/\\\/hexx.de\\\/content\\\/?page_id=47\"]}]},{\"@type\":\"BreadcrumbList\",\"@id\":\"https:\\\/\\\/hexx.de\\\/content\\\/?page_id=47#breadcrumb\",\"itemListElement\":[{\"@type\":\"ListItem\",\"position\":1,\"name\":\"Home\",\"item\":\"https:\\\/\\\/hexx.de\\\/content\\\/\"},{\"@type\":\"ListItem\",\"position\":2,\"name\":\"Individuelle Probleml\u00f6sung nach Ihren Bed\u00fcrfnissen\"}]},{\"@type\":\"WebSite\",\"@id\":\"https:\\\/\\\/hexx.de\\\/content\\\/#website\",\"url\":\"https:\\\/\\\/hexx.de\\\/content\\\/\",\"name\":\"Hexx Network\",\"description\":\"Just another WordPress site\",\"potentialAction\":[{\"@type\":\"SearchAction\",\"target\":{\"@type\":\"EntryPoint\",\"urlTemplate\":\"https:\\\/\\\/hexx.de\\\/content\\\/?s={search_term_string}\"},\"query-input\":{\"@type\":\"PropertyValueSpecification\",\"valueRequired\":true,\"valueName\":\"search_term_string\"}}],\"inLanguage\":\"de\"}]}<\/script>\n<!-- \/ Yoast SEO plugin. -->","yoast_head_json":{"title":"Individuelle Probleml\u00f6sung nach Ihren Bed\u00fcrfnissen - Hexx Network","robots":{"index":"index","follow":"follow","max-snippet":"max-snippet:-1","max-image-preview":"max-image-preview:large","max-video-preview":"max-video-preview:-1"},"canonical":"https:\/\/hexx.de\/content\/?page_id=47","og_locale":"de_DE","og_type":"article","og_title":"Individuelle Probleml\u00f6sung nach Ihren Bed\u00fcrfnissen - Hexx Network","og_description":"Arbeitsschritte k\u00f6nnen heute oft \u00fcber den Computer abgewickelt werden. Ihre Kunden werden auch immer h\u00e4ufiger \u00fcber das Medium Internet und Apps erreicht. Standardl\u00f6sungen passen deswegen nicht immer auf die individuellen Erfordernisse Ihres Unternehmens \u2013 oder die passende Anwendung existiert noch gar nicht. Hier ben\u00f6tigen Sie die Entwicklung neuer Software, die Sie bei den einzelnen Prozessabschnitten [&hellip;]","og_url":"https:\/\/hexx.de\/content\/?page_id=47","og_site_name":"Hexx Network","article_modified_time":"2022-05-03T14:17:19+00:00","twitter_card":"summary_large_image","twitter_misc":{"Gesch\u00e4tzte Lesezeit":"1\u00a0Minute"},"schema":{"@context":"https:\/\/schema.org","@graph":[{"@type":"WebPage","@id":"https:\/\/hexx.de\/content\/?page_id=47","url":"https:\/\/hexx.de\/content\/?page_id=47","name":"Individuelle Probleml\u00f6sung nach Ihren Bed\u00fcrfnissen - Hexx Network","isPartOf":{"@id":"https:\/\/hexx.de\/content\/#website"},"datePublished":"2014-08-25T10:59:01+00:00","dateModified":"2022-05-03T14:17:19+00:00","breadcrumb":{"@id":"https:\/\/hexx.de\/content\/?page_id=47#breadcrumb"},"inLanguage":"de","potentialAction":[{"@type":"ReadAction","target":["https:\/\/hexx.de\/content\/?page_id=47"]}]},{"@type":"BreadcrumbList","@id":"https:\/\/hexx.de\/content\/?page_id=47#breadcrumb","itemListElement":[{"@type":"ListItem","position":1,"name":"Home","item":"https:\/\/hexx.de\/content\/"},{"@type":"ListItem","position":2,"name":"Individuelle Probleml\u00f6sung nach Ihren Bed\u00fcrfnissen"}]},{"@type":"WebSite","@id":"https:\/\/hexx.de\/content\/#website","url":"https:\/\/hexx.de\/content\/","name":"Hexx Network","description":"Just another WordPress site","potentialAction":[{"@type":"SearchAction","target":{"@type":"EntryPoint","urlTemplate":"https:\/\/hexx.de\/content\/?s={search_term_string}"},"query-input":{"@type":"PropertyValueSpecification","valueRequired":true,"valueName":"search_term_string"}}],"inLanguage":"de"}]}},"_links":{"self":[{"href":"https:\/\/hexx.de\/content\/index.php?rest_route=\/wp\/v2\/pages\/47","targetHints":{"allow":["GET"]}}],"collection":[{"href":"https:\/\/hexx.de\/content\/index.php?rest_route=\/wp\/v2\/pages"}],"about":[{"href":"https:\/\/hexx.de\/content\/index.php?rest_route=\/wp\/v2\/types\/page"}],"author":[{"embeddable":true,"href":"https:\/\/hexx.de\/content\/index.php?rest_route=\/wp\/v2\/users\/1"}],"replies":[{"embeddable":true,"href":"https:\/\/hexx.de\/content\/index.php?rest_route=%2Fwp%2Fv2%2Fcomments&post=47"}],"version-history":[{"count":1,"href":"https:\/\/hexx.de\/content\/index.php?rest_route=\/wp\/v2\/pages\/47\/revisions"}],"predecessor-version":[{"id":3395,"href":"https:\/\/hexx.de\/content\/index.php?rest_route=\/wp\/v2\/pages\/47\/revisions\/3395"}],"wp:attachment":[{"href":"https:\/\/hexx.de\/content\/index.php?rest_route=%2Fwp%2Fv2%2Fmedia&parent=47"}],"curies":[{"name":"wp","href":"https:\/\/api.w.org\/{rel}","templated":true}]}}