{"id":305,"date":"2018-08-27T15:26:28","date_gmt":"2018-08-27T13:26:28","guid":{"rendered":"http:\/\/hexx.de\/wp\/?page_id=305"},"modified":"2021-08-11T15:18:51","modified_gmt":"2021-08-11T15:18:51","slug":"willkommen","status":"publish","type":"page","link":"https:\/\/hexx.de\/content\/","title":{"rendered":"Willkommen"},"content":{"rendered":"\n<style type=\"text\/css\" data-created_by=\"avia_inline_auto\" id=\"style-css-av-jlcjlek9-426293c5da17897b29da2cdfbd8f781d\">\n.avia-image-container.av-jlcjlek9-426293c5da17897b29da2cdfbd8f781d img.avia_image{\nbox-shadow:none;\n}\n.avia-image-container.av-jlcjlek9-426293c5da17897b29da2cdfbd8f781d .av-image-caption-overlay-center{\ncolor:#ffffff;\n}\n<\/style>\n<div  class='avia-image-container av-jlcjlek9-426293c5da17897b29da2cdfbd8f781d av-styling- avia-align-center  avia-builder-el-0  el_before_av_textblock  avia-builder-el-first '   itemprop=\"image\" itemscope=\"itemscope\" itemtype=\"https:\/\/schema.org\/ImageObject\" ><div class=\"avia-image-container-inner\"><div class=\"avia-image-overlay-wrap\"><img class='wp-image-310 avia-img-lazy-loading-not-310 avia_image ' src='https:\/\/hexx.de\/content\/wp-content\/uploads\/2018\/08\/cropped-cropped-start1-1.png' alt='' title='cropped-cropped-start1-1'  height=\"250\" width=\"1000\"  itemprop=\"thumbnailUrl\"  \/><\/div><\/div><\/div>\n\n\n<section  class='av_textblock_section av-6rx3l-78b589575e592db9a7a9cf7ff5ff6227 '   itemscope=\"itemscope\" itemtype=\"https:\/\/schema.org\/CreativeWork\" ><div class='avia_textblock'  itemprop=\"text\" ><p>Sie ben\u00f6tigen professionelle Leistungen im IT-Bereich, die individuell auf Ihre Bed\u00fcrfnisse eingehen? Wir von <b>hexx network<\/b> bieten Ihnen kompetente Beratung und Unterst\u00fctzung bei Fragen rund um Ihre <b>IT-Prozessabl\u00e4ufe und IT-Technik<\/b>.<br \/>\nWir haben uns auf die <b>Optimierung<\/b> von <b>Arbeitsabl\u00e4ufen<\/b> durch <b>Prozessbetrachtung, Soft- und Hardwareeinsatz<\/b> spezialisiert und begleiten Sie und Ihre Projekte auf Wunsch in jedem Schritt: Von der Prozesserfassung \u00fcber die Beratung, Durchf\u00fchrung und Fertigstellung der Verbesserungen.<br \/>\nAuch wenn Sie Ihr Unternehmen in seiner Au\u00dfenwirkung optimieren m\u00f6chten, beraten und unterst\u00fctzen wir Sie gerne im Bereich <b>Mediendesign<\/b>.<\/p>\n<p>Bei uns sind Sie garantiert an der richtigen Adresse. Lernen Sie auf den folgenden Seiten unsere Vorz\u00fcge, Arbeitsweise und unsere kompetenten Mitarbeiter kennen und erfahren Sie mehr \u00fcber unsere Leistungen.<\/p>\n<\/div><\/section>\n","protected":false},"excerpt":{"rendered":"","protected":false},"author":1,"featured_media":0,"parent":0,"menu_order":0,"comment_status":"closed","ping_status":"closed","template":"","meta":{"footnotes":""},"class_list":["post-305","page","type-page","status-publish","hentry"],"yoast_head":"<!-- This site is optimized with the Yoast SEO plugin v27.5 - https:\/\/yoast.com\/product\/yoast-seo-wordpress\/ -->\n<title>Willkommen - Hexx Network<\/title>\n<meta name=\"robots\" content=\"index, follow, max-snippet:-1, max-image-preview:large, max-video-preview:-1\" \/>\n<link rel=\"canonical\" href=\"https:\/\/hexx.de\/content\/\" \/>\n<meta property=\"og:locale\" content=\"de_DE\" \/>\n<meta property=\"og:type\" content=\"article\" \/>\n<meta property=\"og:title\" content=\"Willkommen - Hexx Network\" \/>\n<meta property=\"og:url\" content=\"https:\/\/hexx.de\/content\/\" \/>\n<meta property=\"og:site_name\" content=\"Hexx Network\" \/>\n<meta property=\"article:modified_time\" content=\"2021-08-11T15:18:51+00:00\" \/>\n<meta name=\"twitter:card\" content=\"summary_large_image\" \/>\n<meta name=\"twitter:label1\" content=\"Gesch\u00e4tzte Lesezeit\" \/>\n\t<meta name=\"twitter:data1\" content=\"1\u00a0Minute\" \/>\n<script type=\"application\/ld+json\" class=\"yoast-schema-graph\">{\"@context\":\"https:\\\/\\\/schema.org\",\"@graph\":[{\"@type\":\"WebPage\",\"@id\":\"https:\\\/\\\/hexx.de\\\/content\\\/\",\"url\":\"https:\\\/\\\/hexx.de\\\/content\\\/\",\"name\":\"Willkommen - Hexx Network\",\"isPartOf\":{\"@id\":\"https:\\\/\\\/hexx.de\\\/content\\\/#website\"},\"datePublished\":\"2018-08-27T13:26:28+00:00\",\"dateModified\":\"2021-08-11T15:18:51+00:00\",\"breadcrumb\":{\"@id\":\"https:\\\/\\\/hexx.de\\\/content\\\/#breadcrumb\"},\"inLanguage\":\"de\",\"potentialAction\":[{\"@type\":\"ReadAction\",\"target\":[\"https:\\\/\\\/hexx.de\\\/content\\\/\"]}]},{\"@type\":\"BreadcrumbList\",\"@id\":\"https:\\\/\\\/hexx.de\\\/content\\\/#breadcrumb\",\"itemListElement\":[{\"@type\":\"ListItem\",\"position\":1,\"name\":\"Home\",\"item\":\"https:\\\/\\\/hexx.de\\\/content\\\/\"},{\"@type\":\"ListItem\",\"position\":2,\"name\":\"Willkommen\"}]},{\"@type\":\"WebSite\",\"@id\":\"https:\\\/\\\/hexx.de\\\/content\\\/#website\",\"url\":\"https:\\\/\\\/hexx.de\\\/content\\\/\",\"name\":\"Hexx Network\",\"description\":\"Just another WordPress site\",\"potentialAction\":[{\"@type\":\"SearchAction\",\"target\":{\"@type\":\"EntryPoint\",\"urlTemplate\":\"https:\\\/\\\/hexx.de\\\/content\\\/?s={search_term_string}\"},\"query-input\":{\"@type\":\"PropertyValueSpecification\",\"valueRequired\":true,\"valueName\":\"search_term_string\"}}],\"inLanguage\":\"de\"}]}<\/script>\n<!-- \/ Yoast SEO plugin. -->","yoast_head_json":{"title":"Willkommen - Hexx Network","robots":{"index":"index","follow":"follow","max-snippet":"max-snippet:-1","max-image-preview":"max-image-preview:large","max-video-preview":"max-video-preview:-1"},"canonical":"https:\/\/hexx.de\/content\/","og_locale":"de_DE","og_type":"article","og_title":"Willkommen - Hexx Network","og_url":"https:\/\/hexx.de\/content\/","og_site_name":"Hexx Network","article_modified_time":"2021-08-11T15:18:51+00:00","twitter_card":"summary_large_image","twitter_misc":{"Gesch\u00e4tzte Lesezeit":"1\u00a0Minute"},"schema":{"@context":"https:\/\/schema.org","@graph":[{"@type":"WebPage","@id":"https:\/\/hexx.de\/content\/","url":"https:\/\/hexx.de\/content\/","name":"Willkommen - Hexx Network","isPartOf":{"@id":"https:\/\/hexx.de\/content\/#website"},"datePublished":"2018-08-27T13:26:28+00:00","dateModified":"2021-08-11T15:18:51+00:00","breadcrumb":{"@id":"https:\/\/hexx.de\/content\/#breadcrumb"},"inLanguage":"de","potentialAction":[{"@type":"ReadAction","target":["https:\/\/hexx.de\/content\/"]}]},{"@type":"BreadcrumbList","@id":"https:\/\/hexx.de\/content\/#breadcrumb","itemListElement":[{"@type":"ListItem","position":1,"name":"Home","item":"https:\/\/hexx.de\/content\/"},{"@type":"ListItem","position":2,"name":"Willkommen"}]},{"@type":"WebSite","@id":"https:\/\/hexx.de\/content\/#website","url":"https:\/\/hexx.de\/content\/","name":"Hexx Network","description":"Just another WordPress site","potentialAction":[{"@type":"SearchAction","target":{"@type":"EntryPoint","urlTemplate":"https:\/\/hexx.de\/content\/?s={search_term_string}"},"query-input":{"@type":"PropertyValueSpecification","valueRequired":true,"valueName":"search_term_string"}}],"inLanguage":"de"}]}},"_links":{"self":[{"href":"https:\/\/hexx.de\/content\/index.php?rest_route=\/wp\/v2\/pages\/305","targetHints":{"allow":["GET"]}}],"collection":[{"href":"https:\/\/hexx.de\/content\/index.php?rest_route=\/wp\/v2\/pages"}],"about":[{"href":"https:\/\/hexx.de\/content\/index.php?rest_route=\/wp\/v2\/types\/page"}],"author":[{"embeddable":true,"href":"https:\/\/hexx.de\/content\/index.php?rest_route=\/wp\/v2\/users\/1"}],"replies":[{"embeddable":true,"href":"https:\/\/hexx.de\/content\/index.php?rest_route=%2Fwp%2Fv2%2Fcomments&post=305"}],"version-history":[{"count":4,"href":"https:\/\/hexx.de\/content\/index.php?rest_route=\/wp\/v2\/pages\/305\/revisions"}],"predecessor-version":[{"id":336,"href":"https:\/\/hexx.de\/content\/index.php?rest_route=\/wp\/v2\/pages\/305\/revisions\/336"}],"wp:attachment":[{"href":"https:\/\/hexx.de\/content\/index.php?rest_route=%2Fwp%2Fv2%2Fmedia&parent=305"}],"curies":[{"name":"wp","href":"https:\/\/api.w.org\/{rel}","templated":true}]}}